 {"id":259,"date":"2022-08-09T08:22:54","date_gmt":"2022-08-09T08:22:54","guid":{"rendered":"http:\/\/weblegrafik.site\/?page_id=259"},"modified":"2023-03-28T14:39:30","modified_gmt":"2023-03-28T14:39:30","slug":"contact","status":"publish","type":"page","link":"https:\/\/sadenco.com.tr\/EN\/contact\/","title":{"rendered":"Contact"},"content":{"rendered":"\n<style type=\"text\/css\" data-created_by=\"avia_inline_auto\" id=\"style-css-av-ey8mr-f5ac315adb5536b9dc365d87257588ee\">\n.avia-section.av-ey8mr-f5ac315adb5536b9dc365d87257588ee .av-parallax .av-parallax-inner{\nbackground-repeat:no-repeat;\nbackground-image:url(https:\/\/sadenco.com.tr\/EN\/wp-content\/uploads\/2022\/08\/background.jpg);\nbackground-position:50% 100%;\nbackground-attachment:scroll;\n}\n.avia-section.av-ey8mr-f5ac315adb5536b9dc365d87257588ee .av-section-color-overlay{\nopacity:0.3;\nbackground-color:#424242;\n}\n<\/style>\n<div id='av_section_1'  class='avia-section av-ey8mr-f5ac315adb5536b9dc365d87257588ee main_color avia-section-default avia-no-border-styling  avia-builder-el-0  el_before_av_layout_row  avia-builder-el-first  avia-full-stretch av-parallax-section avia-bg-style-parallax av-section-color-overlay-active av-minimum-height av-minimum-height-25  container_wrap fullsize'  data-section-bg-repeat='stretch' data-av_minimum_height_pc='25'><div class='av-parallax' data-avia-parallax-ratio='0.3' ><div class='av-parallax-inner main_color avia-full-stretch'><\/div><\/div><div class=\"av-section-color-overlay-wrap\"><div class=\"av-section-color-overlay\"><\/div><div class='container av-section-cont-open' ><main  role=\"main\" itemprop=\"mainContentOfPage\"  class='template-page content  av-content-full alpha units'><div class='post-entry post-entry-type-page post-entry-259'><div class='entry-content-wrapper clearfix'>\n\n<style type=\"text\/css\" data-created_by=\"avia_inline_auto\" id=\"style-css-av-74u8b-04ec24f273fb19e33d0de94a2f7cca4d\">\n#top .av_textblock_section.av-74u8b-04ec24f273fb19e33d0de94a2f7cca4d .avia_textblock{\ncolor:#ffffff;\n}\n<\/style>\n<section  class='av_textblock_section av-74u8b-04ec24f273fb19e33d0de94a2f7cca4d'  itemscope=\"itemscope\" itemtype=\"https:\/\/schema.org\/CreativeWork\" ><div class='avia_textblock av_inherit_color'  itemprop=\"text\" ><h2>Contact<\/h2>\n<\/div><\/section>\n<\/div><\/div><\/main><!-- close content main element --><\/div><\/div><\/div><div id='av-layout-grid-1'  class='av-layout-grid-container av-23dlzv-d918fdf9393990acbe5f80936b84bf92 entry-content-wrapper main_color av-flex-cells  avia-builder-el-2  el_after_av_section  el_before_av_layout_row  grid-row-not-first  container_wrap fullsize'  >\n\n<style type=\"text\/css\" data-created_by=\"avia_inline_auto\" id=\"style-css-av-1vs203-9d47c803d09b88ed31e043b8d3619587\">\n.flex_cell.av-1vs203-9d47c803d09b88ed31e043b8d3619587{\nvertical-align:top;\nheight:5px;\nmin-height:5px;\npadding:0px 0px 0px 0px;\nbackground-color:#ffde00;\n}\n<\/style>\n<div class='flex_cell av_one_full av-1vs203-9d47c803d09b88ed31e043b8d3619587 no_margin  avia-builder-el-3  avia-builder-el-no-sibling  av-zero-padding' ><div class='flex_cell_inner'><\/div><\/div>\n<\/div><\/p>\n<div id='av-layout-grid-2'  class='av-layout-grid-container av-l6lwaih6-778324168cdc4a555f0738afac893f92 entry-content-wrapper main_color av-flex-cells  avia-builder-el-4  el_after_av_layout_row  avia-builder-el-last  grid-row-not-first  container_wrap fullsize'  >\n\n<style type=\"text\/css\" data-created_by=\"avia_inline_auto\" id=\"style-css-av-l6lwvcwf-31a3515ca3f3352ae1333038e2dec990\">\n.flex_cell.av-l6lwvcwf-31a3515ca3f3352ae1333038e2dec990{\nvertical-align:top;\nheight:350px;\nmin-height:350px;\npadding:20px 0 0 0;\n}\n<\/style>\n<div class='flex_cell av_one_third av-l6lwvcwf-31a3515ca3f3352ae1333038e2dec990 no_margin  avia-builder-el-5  el_before_av_cell_one_third  avia-builder-el-first ' ><div class='flex_cell_inner'>\n<style type=\"text\/css\" data-created_by=\"avia_inline_auto\" id=\"style-css-av-l6lx1pmk-ccbecec04c4110526e7253979555cba4\">\n.flex_column.av-l6lx1pmk-ccbecec04c4110526e7253979555cba4{\npadding:20px 20px 20px 20px;\n}\n<\/style>\n<div class='flex_column av-l6lx1pmk-ccbecec04c4110526e7253979555cba4 av_one_full  avia-builder-el-6  avia-builder-el-no-sibling  first flex_column_div '   ><style type=\"text\/css\" data-created_by=\"avia_inline_auto\" id=\"style-css-av-l6lx3j3j-863f2f6f4635742a92021ba46479431b\">\n#top .avia-icon-list-container.av-l6lx3j3j-863f2f6f4635742a92021ba46479431b .iconlist_icon{\ncolor:#ffde00;\nbackground-color:#0a0a0a;\n}\n<\/style>\n<div  class='avia-icon-list-container av-l6lx3j3j-863f2f6f4635742a92021ba46479431b  avia-builder-el-7  avia-builder-el-no-sibling '><ul class='avia-icon-list avia_animate_when_almost_visible avia-icon-list-left av-iconlist-big av-l6lx3j3j-863f2f6f4635742a92021ba46479431b avia-iconlist-animate'>\n<li><div class='iconlist_icon av-19uviz-0cc8f173e17d7ed8b90b18b26b9eed71 avia-font-entypo-fontello'><span class='iconlist-char' aria-hidden='true' data-av_icon='\ue842' data-av_iconfont='entypo-fontello'><\/span><\/div><article class=\"article-icon-entry \"  itemscope=\"itemscope\" itemtype=\"https:\/\/schema.org\/CreativeWork\" ><div class=\"iconlist_content_wrap\"><header class=\"entry-content-header\"><h4 class='av_iconlist_title iconlist_title  '  itemprop=\"headline\" >Address<\/h4><\/header><div class='iconlist_content '  itemprop=\"text\" ><p><span style=\"font-weight: 400;\">Meltem Mah. 2. Cad. Palmiye Sit. A10 Blok (6P), Kat:5\/10,<br \/>\n<\/span>Muratpa\u015fa, Antalya<br \/>\n<strong>TURK\u0130YE\u00a0<\/strong><\/p>\n<\/div><\/div><footer class=\"entry-footer\"><\/footer><\/article><div class=\"iconlist-timeline\"><\/div><\/li>\n<li><div class='iconlist_icon av-l6lx3vql-74cc394e4dbaf7cff6c2edcc6221ee30 avia-font-entypo-fontello'><span class='iconlist-char' aria-hidden='true' data-av_icon='\ue854' data-av_iconfont='entypo-fontello'><\/span><\/div><article class=\"article-icon-entry \"  itemscope=\"itemscope\" itemtype=\"https:\/\/schema.org\/CreativeWork\" ><div class=\"iconlist_content_wrap\"><header class=\"entry-content-header\"><h4 class='av_iconlist_title iconlist_title  '  itemprop=\"headline\" ><a href='tel:+905052102113' title='Telephone'>Telephone<\/a><\/h4><\/header><div class='iconlist_content '  itemprop=\"text\" ><p>+90 505 210 21 13<\/p>\n<\/div><\/div><footer class=\"entry-footer\"><\/footer><\/article><div class=\"iconlist-timeline\"><\/div><\/li>\n<li><div class='iconlist_icon av-3mqzn-a4c0379c864171688576757eb88c07ed avia-font-entypo-fontello'><span class='iconlist-char' aria-hidden='true' data-av_icon='\ue805' data-av_iconfont='entypo-fontello'><\/span><\/div><article class=\"article-icon-entry \"  itemscope=\"itemscope\" itemtype=\"https:\/\/schema.org\/CreativeWork\" ><div class=\"iconlist_content_wrap\"><header class=\"entry-content-header\"><h4 class='av_iconlist_title iconlist_title  '  itemprop=\"headline\" >e-Mail<\/h4><\/header><div class='iconlist_content '  itemprop=\"text\" ><p><span style=\"font-weight: 400;\">info@saden.co<\/span><\/p>\n<\/div><\/div><footer class=\"entry-footer\"><\/footer><\/article><div class=\"iconlist-timeline\"><\/div><\/li>\n<\/ul><\/div><\/div>\n<\/div><\/div>\n<style type=\"text\/css\" data-created_by=\"avia_inline_auto\" id=\"style-css-av-l6lwwrmn-4fa6e4924c53de5796edf20ea2cb3f2b\">\n.flex_cell.av-l6lwwrmn-4fa6e4924c53de5796edf20ea2cb3f2b{\nvertical-align:top;\nheight:350px;\nmin-height:350px;\npadding:20px 0 0 0;\nbackground-color:#0a0a0a;\n}\n<\/style>\n<div class='flex_cell av_one_third av-l6lwwrmn-4fa6e4924c53de5796edf20ea2cb3f2b no_margin  avia-builder-el-8  el_after_av_cell_one_third  el_before_av_cell_one_third ' ><div class='flex_cell_inner'>\n<style type=\"text\/css\" data-created_by=\"avia_inline_auto\" id=\"style-css-av-eo7m3-8b429f3de1f0337a05e09c58fa88a9be\">\n.flex_column.av-eo7m3-8b429f3de1f0337a05e09c58fa88a9be{\npadding:20px 20px 20px 20px;\n}\n<\/style>\n<div class='flex_column av-eo7m3-8b429f3de1f0337a05e09c58fa88a9be av_one_full  avia-builder-el-9  avia-builder-el-no-sibling  first flex_column_div '   ><form action=\"https:\/\/sadenco.com.tr\/EN\/contact\/\" method=\"post\"  class=\"avia_ajax_form av-form-labels-hidden   avia-builder-el-10  avia-builder-el-no-sibling  av-centered-form  av-custom-form-color av-light-form \" data-avia-form-id=\"1\" data-avia-redirect='' ><h3 class=''>Contact Form<\/h3><fieldset><p class='  first_form  form_element form_fullwidth' id='element_avia_1_1'><label for=\"avia_1_1\">Name <abbr class=\"required\" title=\"Zorunlu\">*<\/abbr><\/label> <input name=\"avia_1_1\" class=\"text_input is_empty\" type=\"text\" id=\"avia_1_1\" value=\"\"  placeholder='Name*'\/><\/p><p class='  first_form  form_element form_fullwidth' id='element_avia_2_1'><label for=\"avia_2_1\">E-mail<\/label> <input name=\"avia_2_1\" class=\"text_input \" type=\"text\" id=\"avia_2_1\" value=\"\"  placeholder='E-mail'\/><\/p><p class='  first_form  form_element form_fullwidth' id='element_avia_3_1'><label for=\"avia_3_1\">Subject <abbr class=\"required\" title=\"Zorunlu\">*<\/abbr><\/label> <input name=\"avia_3_1\" class=\"text_input is_empty\" type=\"text\" id=\"avia_3_1\" value=\"\"  placeholder='Subject*'\/><\/p><p class='  first_form  form_element form_fullwidth' id='element_avia_4_1'><label for=\"avia_4_1\" class=\"textare_label hidden textare_label_avia_4_1\">Message <abbr class=\"required\" title=\"Zorunlu\">*<\/abbr><\/label><textarea  placeholder='Message*' name=\"avia_4_1\" class=\"text_area is_empty\" cols=\"40\" rows=\"7\" id=\"avia_4_1\" ><\/textarea><\/p><p class=\"hidden\"><input type=\"text\" name=\"avia_5_1\" class=\"hidden \" id=\"avia_5_1\" value=\"\" \/><\/p><p class='   form_element form_fullwidth' id='element_avia_6_1'><span class='value_verifier_label'>2 + 5 = ?<\/span><input name=\"avia_6_1_verifier\" type=\"hidden\" id=\"avia_6_1_verifier\" value=\"737367325\"\/><label for=\"avia_6_1\">L\u00fctfen denklemi \u00e7\u00f6zerek insan oldu\u011funuzu kan\u0131tlay\u0131n\u0131z <abbr class=\"required\" title=\"Zorunlu\">*<\/abbr><\/label><input name=\"avia_6_1\" class=\"text_input captcha\" type=\"text\" id=\"avia_6_1\" value=\"\"\/><\/p><p class=\"form_element \"><input type=\"hidden\" value=\"1\" name=\"avia_generated_form1\" \/><input type=\"submit\" value=\"Send\" class=\"button\"  data-sending-label=\"G\u00f6nderiliyor\"\/><\/p><\/fieldset><\/form><div id=\"ajaxresponse_1\" class=\"ajaxresponse ajaxresponse_1 hidden\"><\/div><\/div>\n<\/div><\/div>\n<style type=\"text\/css\" data-created_by=\"avia_inline_auto\" id=\"style-css-av-7ov0r-abf20e63f91c777164b6921d218c9640\">\n.flex_cell.av-7ov0r-abf20e63f91c777164b6921d218c9640{\nvertical-align:top;\nheight:350px;\nmin-height:350px;\npadding:20px 0 0 0;\n}\n<\/style>\n<div class='flex_cell av_one_third av-7ov0r-abf20e63f91c777164b6921d218c9640 no_margin  avia-builder-el-11  el_after_av_cell_one_third  avia-builder-el-last ' ><div class='flex_cell_inner'><section  class='av_textblock_section av-l6lx0ed6-79d788734cc75209983baef1f332b69f'  itemscope=\"itemscope\" itemtype=\"https:\/\/schema.org\/CreativeWork\" ><div class='avia_textblock'  itemprop=\"text\" ><p><iframe loading=\"lazy\" style=\"border: 0;\" src=\"https:\/\/www.google.com\/maps\/embed?pb=!1m18!1m12!1m3!1d3190.997177727696!2d30.670652515292392!3d36.89041577993004!2m3!1f0!2f0!3f0!3m2!1i1024!2i768!4f13.1!3m3!1m2!1s0x14c391d99b7dbfcd%3A0x66d21966e00d1d93!2sSafe%2C%20Dependable%20Engineering%20%26%20Consultancy!5e0!3m2!1str!2str!4v1660033362508!5m2!1str!2str\" width=\"700\" height=\"550\" allowfullscreen=\"allowfullscreen\"><\/iframe><\/p>\n<\/div><\/section>\n<\/div><\/div><\/div>\n","protected":false},"excerpt":{"rendered":"","protected":false},"author":1,"featured_media":0,"parent":0,"menu_order":0,"comment_status":"closed","ping_status":"closed","template":"","meta":{"footnotes":""},"class_list":["post-259","page","type-page","status-publish","hentry"],"_links":{"self":[{"href":"https:\/\/sadenco.com.tr\/EN\/wp-json\/wp\/v2\/pages\/259"}],"collection":[{"href":"https:\/\/sadenco.com.tr\/EN\/wp-json\/wp\/v2\/pages"}],"about":[{"href":"https:\/\/sadenco.com.tr\/EN\/wp-json\/wp\/v2\/types\/page"}],"author":[{"embeddable":true,"href":"https:\/\/sadenco.com.tr\/EN\/wp-json\/wp\/v2\/users\/1"}],"replies":[{"embeddable":true,"href":"https:\/\/sadenco.com.tr\/EN\/wp-json\/wp\/v2\/comments?post=259"}],"version-history":[{"count":6,"href":"https:\/\/sadenco.com.tr\/EN\/wp-json\/wp\/v2\/pages\/259\/revisions"}],"predecessor-version":[{"id":423,"href":"https:\/\/sadenco.com.tr\/EN\/wp-json\/wp\/v2\/pages\/259\/revisions\/423"}],"wp:attachment":[{"href":"https:\/\/sadenco.com.tr\/EN\/wp-json\/wp\/v2\/media?parent=259"}],"curies":[{"name":"wp","href":"https:\/\/api.w.org\/{rel}","templated":true}]}}